{"id":53,"date":"2025-02-16T19:26:56","date_gmt":"2025-02-16T18:26:56","guid":{"rendered":"https:\/\/doradca-sc.pl\/?page_id=53"},"modified":"2025-02-16T19:44:07","modified_gmt":"2025-02-16T18:44:07","slug":"kontakt","status":"publish","type":"page","link":"https:\/\/doradca-sc.pl\/?page_id=53","title":{"rendered":"Kontakt"},"content":{"rendered":"\n<div class=\"wp-block-group alignfull has-global-padding is-layout-constrained wp-container-core-group-is-layout-f611be13 wp-block-group-is-layout-constrained\" style=\"padding-top:var(--wp--preset--spacing--50);padding-right:var(--wp--preset--spacing--50);padding-bottom:var(--wp--preset--spacing--50);padding-left:var(--wp--preset--spacing--50)\">\n<div class=\"wp-block-group has-global-padding is-layout-constrained wp-container-core-group-is-layout-650790e1 wp-block-group-is-layout-constrained\">\n<h1 class=\"wp-block-heading has-text-align-center has-x-large-font-size\">Siedziba firmy<\/h1>\n\n\n\n<div style=\"height:1.25rem\" aria-hidden=\"true\" class=\"wp-block-spacer\"><\/div>\n\n\n\n<p class=\"has-text-align-center\">Biuro Podatkowo-Prawne DORADCA s.c. <\/p>\n\n\n\n<p class=\"has-text-align-center\">Wojciech Kr\u00f3lak, Joanna \u0141\u0105pie\u015b<\/p>\n\n\n\n<p class=\"has-text-align-center\">ul. Wigury 7<\/p>\n\n\n\n<p class=\"has-text-align-center\">91-408 \u0141\u00f3d\u017a<\/p>\n\n\n\n<p class=\"has-text-align-center\">NIP 7251014500<\/p>\n\n\n\n<p class=\"has-text-align-center\">REGON <em>471090277<\/em><\/p>\n<\/div>\n\n\n\n<p class=\"has-text-align-center\">Email: <a href=\"mailto:doradca2@wp.pl\">doradca2@wp.pl<\/a><\/p>\n\n\n\n<p class=\"has-text-align-center\">Telefon 42 636 27 69<\/p>\n<\/div>\n\n\n\n<p><\/p>\n","protected":false},"excerpt":{"rendered":"<p>Siedziba firmy Biuro Podatkowo-Prawne DORADCA s.c. Wojciech Kr\u00f3lak, Joanna \u0141\u0105pie\u015b ul. Wigury 7 91-408 \u0141\u00f3d\u017a NIP 7251014500 REGON 471090277 Email: doradca2@wp.pl Telefon 42 636 27 69<\/p>\n","protected":false},"author":1,"featured_media":0,"parent":0,"menu_order":0,"comment_status":"closed","ping_status":"closed","template":"","meta":{"footnotes":""},"class_list":["post-53","page","type-page","status-publish","hentry"],"_links":{"self":[{"href":"https:\/\/doradca-sc.pl\/index.php?rest_route=\/wp\/v2\/pages\/53","targetHints":{"allow":["GET"]}}],"collection":[{"href":"https:\/\/doradca-sc.pl\/index.php?rest_route=\/wp\/v2\/pages"}],"about":[{"href":"https:\/\/doradca-sc.pl\/index.php?rest_route=\/wp\/v2\/types\/page"}],"author":[{"embeddable":true,"href":"https:\/\/doradca-sc.pl\/index.php?rest_route=\/wp\/v2\/users\/1"}],"replies":[{"embeddable":true,"href":"https:\/\/doradca-sc.pl\/index.php?rest_route=%2Fwp%2Fv2%2Fcomments&post=53"}],"version-history":[{"count":2,"href":"https:\/\/doradca-sc.pl\/index.php?rest_route=\/wp\/v2\/pages\/53\/revisions"}],"predecessor-version":[{"id":65,"href":"https:\/\/doradca-sc.pl\/index.php?rest_route=\/wp\/v2\/pages\/53\/revisions\/65"}],"wp:attachment":[{"href":"https:\/\/doradca-sc.pl\/index.php?rest_route=%2Fwp%2Fv2%2Fmedia&parent=53"}],"curies":[{"name":"wp","href":"https:\/\/api.w.org\/{rel}","templated":true}]}}