{"id":50,"date":"2025-02-16T19:11:14","date_gmt":"2025-02-16T18:11:14","guid":{"rendered":"https:\/\/doradca-sc.pl\/?page_id=50"},"modified":"2025-02-16T19:35:56","modified_gmt":"2025-02-16T18:35:56","slug":"polityka-prywatnosci-2","status":"publish","type":"page","link":"https:\/\/doradca-sc.pl\/?page_id=50","title":{"rendered":"Polityka prywatno\u015bci"},"content":{"rendered":"\n<div class=\"wp-block-group alignfull has-base-2-background-color has-background has-global-padding is-layout-constrained wp-container-core-group-is-layout-669513ed wp-block-group-is-layout-constrained\" style=\"margin-top:0;margin-bottom:0;padding-top:var(--wp--preset--spacing--50);padding-right:var(--wp--preset--spacing--50);padding-bottom:var(--wp--preset--spacing--50);padding-left:var(--wp--preset--spacing--50)\">\n<div class=\"wp-block-group is-vertical is-content-justification-center is-layout-flex wp-container-core-group-is-layout-52b864f0 wp-block-group-is-layout-flex\">\n<h2 class=\"wp-block-heading has-text-align-center is-style-default\">doradca-sc.pl<\/h2>\n\n\n\n<div style=\"height:0px\" aria-hidden=\"true\" class=\"wp-block-spacer wp-container-content-4f2ccadb\"><\/div>\n<\/div>\n\n\n\n<div style=\"margin-top:0;margin-bottom:0;height:var(--wp--preset--spacing--40)\" aria-hidden=\"true\" class=\"wp-block-spacer\"><\/div>\n\n\n\n<div class=\"wp-block-columns alignwide is-layout-flex wp-container-core-columns-is-layout-d0bbbce0 wp-block-columns-is-layout-flex\">\n<div class=\"wp-block-column is-layout-flow wp-container-core-column-is-layout-e3d1c41b wp-block-column-is-layout-flow\">\n<p class=\"has-text-align-left\"><strong>1. ZASADY OG\u00d3LNE<\/strong><\/p>\n\n\n\n<p>U\u017cytkownicy strony internetowej doradca-sc.pl maj\u0105 zagwarantowane wysokie standardy ochrony prywatno\u015bci.<\/p>\n\n\n\n<p>Administratorem danych osobowych przekazanych przez U\u017cytkownik\u00f3w jest Biuro Podatkowo-Prawne DORADCA s.c. Wojciech Kr\u00f3lak, Joanna \u0141\u0105pie\u015b, <br>ul. Wigury 7; 91-408 \u0141\u00f3d\u017a, NIP 7251014500, REGON <em>471090277.<\/em><\/p>\n\n\n\n<p>Biuro Podatkow-Prawne DORADCA s.c. jako Administrator danych dba o bezpiecze\u0144stwo udost\u0119pnionych przez U\u017cytkownik\u00f3w danych w oparciu o przepisy prawa. Podstaw\u0105 przetwarzania danych osobowych jest artyku\u0142 6 ust. 1 lit. b Rozporz\u0105dzenia Parlamentu Europejskiego i Rady (UE) 2016\/679 z dnia 27 kwietnia 2016 roku w sprawie ochrony os\u00f3b fizycznych w zwi\u0105zku z przetwarzaniem danych osobowych i w sprawie swobodnego przep\u0142ywu takich danych (RODO).<\/p>\n\n\n\n<p>U\u017cytkownikiem jest ka\u017cda osoba fizyczna, kt\u00f3rej dane dotycz\u0105, korzystaj\u0105ca ze strony internetowej doradca-sc.pl lub us\u0142ug elektronicznych dost\u0119pnych za po\u015brednictwem strony interetowej.<\/p>\n\n\n\n<p>Podczas korzystania ze Strony Internetowej mog\u0105 by\u0107 pobierane dodatkowe informacje, w szczeg\u00f3lno\u015bci: adres IP przypisany do Pa\u0144stwa komputera lub zewn\u0119trzny adres IP dostawcy Internetu, nazwa domeny, rodzaj przegl\u0105darki, czas dost\u0119pu, typ systemu operacyjnego. Od U\u017cytkownik\u00f3w mog\u0105 by\u0107 r\u00f3wnie\u017c pobierane m.in. informacje o linkach i odno\u015bnikach, w kt\u00f3re zdecyduj\u0105 si\u0119 klikn\u0105\u0107 lub innych czynno\u015bciach podejmowanych na Stronie Internetowej<\/p>\n\n\n\n<p><strong>2. ZGODA U\u017bYTKOWNIKA<\/strong><\/p>\n\n\n\n<p>Korzystanie ze strony internetowej doradca-sc.pl przez U\u017cytkownika oznacza, \u017ce akceptuje, i\u017c Administrator gromadzi i wykorzystuje dane osobowe zgodnie z niniejsz\u0105 Polityk\u0105 Prywatno\u015bci.<\/p>\n\n\n\n<p>W przypadku, gdy nast\u0105pi zmiana Polityki Prywatno\u015bci, a U\u017cytkownik nadal b\u0119dzie korzysta\u0142 ze strony internetowej, to uznaje si\u0119 to za wyra\u017cenie zgody na zaktualizowane warunki Polityki Prywatno\u015bci.<\/p>\n\n\n\n<p><strong>3. ZASADY PRZETWARZANIA DANYCH OSOBOWYCH<\/strong><\/p>\n\n\n\n<p>3.1. Administrator pozyskuje dane osobowe bezpo\u015brednio od U\u017cytkownika za po\u015brednictwem strony internetowej, poprzez dost\u0119pne w nim funkcjonalno\u015bci i&nbsp; narz\u0119dzia do komunikacji oraz przes\u0142anie za ich po\u015brednictwem wiadomo\u015bci do&nbsp;Administratora. Podanie danych osobowych przez U\u017cytkownika jest dobrowolne.<\/p>\n\n\n\n<p>3.2. Administrator gromadzi za po\u015brednictwem strony interentowej nast\u0119puj\u0105ce dane osobowe dotycz\u0105ce U\u017cytkownika:<\/p>\n\n\n\n<p>a) imi\u0119 i nazwisko,<\/p>\n\n\n\n<p>b) adres e-mail,<\/p>\n\n\n\n<p>c) numer telefonu,<\/p>\n\n\n\n<p>d) temat i tre\u015b\u0107 wiadomo\u015bci,<\/p>\n\n\n\n<p>3.3. Dane osobowe U\u017cytkownika nie s\u0105 przekazywane przez Administratora podmiotom trzecim.<\/p>\n\n\n\n<p><strong>4. PRAWA U\u017bYTKOWNIKA<\/strong><\/p>\n\n\n\n<p>Na ka\u017cdym etapie przetwarzania danych osobowych U\u017cytkownik ma zapewniony szereg uprawnie\u0144 pozwalaj\u0105cych mu uzyska\u0107 dost\u0119p do swoich danych, weryfikacj\u0119 prawid\u0142owo\u015bci przetwarzania danych, korekt\u0119, i prawo zg\u0142oszenia sprzeciwu wobec ich przetwarzania.&nbsp;<\/p>\n\n\n\n<p>U\u017cytkownik mo\u017ce w ka\u017cdej chwili za\u017c\u0105da\u0107 usuni\u0119cia jego danych z bazy danych Biuro Podatkow-Prawne DORADCA s.c. W celu skorzystania przez U\u017cytkownika z przys\u0142uguj\u0105cych mu praw mo\u017ce si\u0119 on skontaktowa\u0107 z Administratorem za pomoc\u0105 nast\u0119puj\u0105cych danych kontaktowych: Biuro Podatkow-Prawne DORADCA s.c. Wojciech Kr\u00f3lak, Joanna \u0141\u0105pie\u015b, ul. Wigury 7; 91-408 \u0141\u00f3d\u017a, <a href=\"mailto:doradca2@wp.pl\">doradca2@wp.pl<\/a><\/p>\n\n\n\n<p>Usuni\u0119cie danych skutkuje usuni\u0119ciem wszelkich danych o U\u017cytkowniku. Administrator strony doradca-sc.pl zastrzega jednak mo\u017cliwo\u015b\u0107 zachowania danych U\u017cytkownika oraz odmowy ich usuni\u0119cia w takim zakresie i przez taki okres, w jakim jest to prawnie dozwolone.<\/p>\n\n\n\n<p>U\u017cytkownik, kt\u00f3rego dane osobowe s\u0105 przetwarzane przez Administratora ma prawo wnie\u015b\u0107 skarg\u0119 do organu nadzoru w\u0142a\u015bciwego w sprawach ochrony danych osobowych (Prezesa Urz\u0119du Ochrony Danych Osobowych).<\/p>\n\n\n\n<p><strong>5. PODSTAWOWE OBOWI\u0104ZKI ADMINISTRATORA DANCYH<\/strong><\/p>\n\n\n\n<p>Biuro Podatkowo-Prawne DORADCA s.c. Wojciech Kr\u00f3lak, Joanna \u0141\u0105pie\u015b b\u0119d\u0105c administratorem danych osobowych, dok\u0142ada wszelakiej staranno\u015bci <br>w procesie przetwarzania danych, celem zapewnienia ochrony interes\u00f3w U\u017cytkownik\u00f3w.<\/p>\n\n\n\n<p>Dane osobowe s\u0105 przechowywane w zbiorze danych, kt\u00f3ry zosta\u0142 zabezpieczony \u015brodkami technicznymi i organizacyjnymi, zapewniaj\u0105c ochron\u0119 przetwarzania danych. Dost\u0119p do zbioru danych osobowych maj\u0105 jedynie osoby, posiadaj\u0105ce upowa\u017cnienia nadane przez administratora danych osobowych.<\/p>\n\n\n\n<p><strong>6. PLIKI COOKIES<\/strong><\/p>\n\n\n\n<p>Administrator informuje, i\u017c podczas korzystania ze strony interenetowej w urz\u0105dzeniu ko\u0144cowym U\u017cytkownika zapisywane s\u0105 fragmenty kodu zwane \u201ecookies\u201d. Pliki cookies s\u0105 plikami tekstowymi odpowiadaj\u0105cymi zapytaniom HTTP kierowanym do serwera Administratora i s\u0105 instalowane przez ka\u017cd\u0105 przegl\u0105dark\u0119, z kt\u00f3rej U\u017cytkownik odwiedza stron\u0119 interentow\u0105. Plik cookies zazwyczaj zawiera nazw\u0119 domeny, z kt\u00f3rej pochodzi, sw\u00f3j \u201eczas wyga\u015bni\u0119cia\u201d oraz indywidualn\u0105, losowo wybran\u0105 liczb\u0119 identyfikuj\u0105c\u0105 dany plik. Zebrane informacje pomagaj\u0105 spersonalizowa\u0107 ofert\u0119 Biura DORADCA s.c. do indywidualnych preferencji i rzeczywistych potrzeb os\u00f3b odwiedzaj\u0105cych stron\u0119 internetow\u0105. Daje to te\u017c mo\u017cliwo\u015b\u0107 opracowywania og\u00f3lnych statystyk wy\u015bwietle\u0144 prezentowanych informacji na Stronie Internetowej.<\/p>\n\n\n\n<p><strong>7. POZOSTA\u0141E<\/strong><\/p>\n\n\n\n<p class=\"has-text-align-left\">Pytania i zastrze\u017cenia dotycz\u0105ce Polityki Prywatno\u015bci mog\u0105 by\u0107 kierowane przez U\u017cytkownik\u00f3w na adres e-mail: <a href=\"mailto:doradca2@wp.pl\">doradca2@wp.pl<\/a><\/p>\n<\/div>\n<\/div>\n<\/div>\n","protected":false},"excerpt":{"rendered":"<p>doradca-sc.pl 1. ZASADY OG\u00d3LNE U\u017cytkownicy strony internetowej doradca-sc.pl maj\u0105 zagwarantowane wysokie standardy ochrony prywatno\u015bci. Administratorem danych osobowych przekazanych przez U\u017cytkownik\u00f3w jest Biuro Podatkowo-Prawne DORADCA s.c. Wojciech Kr\u00f3lak, Joanna \u0141\u0105pie\u015b, ul. Wigury 7; 91-408 \u0141\u00f3d\u017a, NIP 7251014500, REGON 471090277. Biuro Podatkow-Prawne DORADCA s.c. jako Administrator danych dba o bezpiecze\u0144stwo udost\u0119pnionych przez U\u017cytkownik\u00f3w danych w oparciu o [&hellip;]<\/p>\n","protected":false},"author":1,"featured_media":0,"parent":0,"menu_order":0,"comment_status":"closed","ping_status":"closed","template":"","meta":{"footnotes":""},"class_list":["post-50","page","type-page","status-publish","hentry"],"_links":{"self":[{"href":"https:\/\/doradca-sc.pl\/index.php?rest_route=\/wp\/v2\/pages\/50","targetHints":{"allow":["GET"]}}],"collection":[{"href":"https:\/\/doradca-sc.pl\/index.php?rest_route=\/wp\/v2\/pages"}],"about":[{"href":"https:\/\/doradca-sc.pl\/index.php?rest_route=\/wp\/v2\/types\/page"}],"author":[{"embeddable":true,"href":"https:\/\/doradca-sc.pl\/index.php?rest_route=\/wp\/v2\/users\/1"}],"replies":[{"embeddable":true,"href":"https:\/\/doradca-sc.pl\/index.php?rest_route=%2Fwp%2Fv2%2Fcomments&post=50"}],"version-history":[{"count":2,"href":"https:\/\/doradca-sc.pl\/index.php?rest_route=\/wp\/v2\/pages\/50\/revisions"}],"predecessor-version":[{"id":60,"href":"https:\/\/doradca-sc.pl\/index.php?rest_route=\/wp\/v2\/pages\/50\/revisions\/60"}],"wp:attachment":[{"href":"https:\/\/doradca-sc.pl\/index.php?rest_route=%2Fwp%2Fv2%2Fmedia&parent=50"}],"curies":[{"name":"wp","href":"https:\/\/api.w.org\/{rel}","templated":true}]}}