{"id":44,"date":"2025-02-16T18:58:52","date_gmt":"2025-02-16T17:58:52","guid":{"rendered":"https:\/\/doradca-sc.pl\/?page_id=44"},"modified":"2025-02-16T18:58:52","modified_gmt":"2025-02-16T17:58:52","slug":"cennik","status":"publish","type":"page","link":"https:\/\/doradca-sc.pl\/?page_id=44","title":{"rendered":"Cennik"},"content":{"rendered":"\n<div class=\"wp-block-group alignfull has-global-padding is-layout-constrained wp-container-core-group-is-layout-d89aad35 wp-block-group-is-layout-constrained\" style=\"margin-top:0;margin-bottom:0;padding-top:var(--wp--preset--spacing--50);padding-right:var(--wp--preset--spacing--50);padding-bottom:var(--wp--preset--spacing--50);padding-left:var(--wp--preset--spacing--50)\">\n<div class=\"wp-block-group alignwide is-vertical is-layout-flex wp-container-core-group-is-layout-4b827052 wp-block-group-is-layout-flex\">\n<div class=\"wp-block-group is-vertical is-content-justification-center is-layout-flex wp-container-core-group-is-layout-6329a8f3 wp-block-group-is-layout-flex\">\n<h3 class=\"wp-block-heading has-text-align-center is-style-default has-large-font-size\"><strong>Koszt obs\u0142ugi ksi\u0119gowej uzale\u017cniony jest od ilo\u015bci pracy wykonanej dla danego Klienta, ustalamy zrycza\u0142towan\u0105 odp\u0142atno\u015b\u0107 miesi\u0119czn\u0105, kt\u00f3ra uzale\u017cniona jest min. od:<\/strong><\/h3>\n\n\n\n<ul style=\"line-height:1.75\" class=\"wp-block-list is-style-checkmark-list\">\n<li class=\"has-large-font-size\">formy ksi\u0105g podatkowych (np. ksi\u0119gi handlowe, PKPiR, rycza\u0142t)<\/li>\n\n\n\n<li class=\"has-large-font-size\">formy prawnej (np. osoba fizyczna, sp\u00f3\u0142ka cywilna, sp\u00f3\u0142ka z o.o.)<\/li>\n\n\n\n<li class=\"has-large-font-size\">bran\u017cy (np. dzia\u0142alno\u015b\u0107 us\u0142ugowa, handlowa czy produkcyjna)<\/li>\n\n\n\n<li class=\"has-large-font-size\">ilo\u015bci dokument\u00f3w ksi\u0119gowych<\/li>\n\n\n\n<li class=\"has-large-font-size\">innych (np. transakcje zagraniczne)<\/li>\n<\/ul>\n\n\n\n<p class=\"has-large-font-size\"><strong>Prosimy o kontakt w celu przedstawienia dla Pa\u0144stwa indywidualnej oferty<\/strong>.<\/p>\n<\/div>\n\n\n\n<div style=\"height:0px\" aria-hidden=\"true\" class=\"wp-block-spacer wp-container-content-9d1f8957\"><\/div>\n\n\n\n<div class=\"wp-block-group alignwide has-global-padding is-layout-constrained wp-block-group-is-layout-constrained\">\n<div class=\"wp-block-group alignwide has-global-padding is-layout-constrained wp-block-group-is-layout-constrained\">\n<div class=\"wp-block-columns alignfull is-layout-flex wp-container-core-columns-is-layout-d1c656ed wp-block-columns-is-layout-flex\">\n<div class=\"wp-block-column is-layout-flow wp-block-column-is-layout-flow\"><\/div>\n\n\n\n<div class=\"wp-block-column is-layout-flow wp-block-column-is-layout-flow\"><\/div>\n<\/div>\n<\/div>\n<\/div>\n\n\n\n<div class=\"wp-block-columns alignwide is-layout-flex wp-container-core-columns-is-layout-d1c656ed wp-block-columns-is-layout-flex\">\n<div class=\"wp-block-column is-vertically-aligned-center is-layout-flow wp-block-column-is-layout-flow\" style=\"flex-basis:40%\"><\/div>\n<\/div>\n<\/div>\n<\/div>\n\n\n\n<p><\/p>\n","protected":false},"excerpt":{"rendered":"<p>Koszt obs\u0142ugi ksi\u0119gowej uzale\u017cniony jest od ilo\u015bci pracy wykonanej dla danego Klienta, ustalamy zrycza\u0142towan\u0105 odp\u0142atno\u015b\u0107 miesi\u0119czn\u0105, kt\u00f3ra uzale\u017cniona jest min. od: Prosimy o kontakt w celu przedstawienia dla Pa\u0144stwa indywidualnej oferty.<\/p>\n","protected":false},"author":1,"featured_media":0,"parent":0,"menu_order":0,"comment_status":"closed","ping_status":"closed","template":"","meta":{"footnotes":""},"class_list":["post-44","page","type-page","status-publish","hentry"],"_links":{"self":[{"href":"https:\/\/doradca-sc.pl\/index.php?rest_route=\/wp\/v2\/pages\/44","targetHints":{"allow":["GET"]}}],"collection":[{"href":"https:\/\/doradca-sc.pl\/index.php?rest_route=\/wp\/v2\/pages"}],"about":[{"href":"https:\/\/doradca-sc.pl\/index.php?rest_route=\/wp\/v2\/types\/page"}],"author":[{"embeddable":true,"href":"https:\/\/doradca-sc.pl\/index.php?rest_route=\/wp\/v2\/users\/1"}],"replies":[{"embeddable":true,"href":"https:\/\/doradca-sc.pl\/index.php?rest_route=%2Fwp%2Fv2%2Fcomments&post=44"}],"version-history":[{"count":1,"href":"https:\/\/doradca-sc.pl\/index.php?rest_route=\/wp\/v2\/pages\/44\/revisions"}],"predecessor-version":[{"id":46,"href":"https:\/\/doradca-sc.pl\/index.php?rest_route=\/wp\/v2\/pages\/44\/revisions\/46"}],"wp:attachment":[{"href":"https:\/\/doradca-sc.pl\/index.php?rest_route=%2Fwp%2Fv2%2Fmedia&parent=44"}],"curies":[{"name":"wp","href":"https:\/\/api.w.org\/{rel}","templated":true}]}}