{"id":22,"date":"2025-02-16T17:49:09","date_gmt":"2025-02-16T16:49:09","guid":{"rendered":"https:\/\/doradca-sc.pl\/?page_id=22"},"modified":"2025-02-16T18:06:26","modified_gmt":"2025-02-16T17:06:26","slug":"uslugi","status":"publish","type":"page","link":"https:\/\/doradca-sc.pl\/?page_id=22","title":{"rendered":"Us\u0142ugi"},"content":{"rendered":"\n<div class=\"wp-block-group alignfull has-global-padding is-content-justification-center is-layout-constrained wp-container-core-group-is-layout-733701de wp-block-group-is-layout-constrained\" style=\"margin-top:0;margin-bottom:0;padding-top:var(--wp--preset--spacing--50);padding-right:var(--wp--preset--spacing--50);padding-bottom:var(--wp--preset--spacing--50);padding-left:var(--wp--preset--spacing--50)\">\n<div class=\"wp-block-group alignwide has-global-padding is-layout-constrained wp-container-core-group-is-layout-19e250f3 wp-block-group-is-layout-constrained\">\n<div class=\"wp-block-group is-vertical is-content-justification-center is-nowrap is-layout-flex wp-container-core-group-is-layout-b41fbe9f wp-block-group-is-layout-flex\">\n<h2 class=\"wp-block-heading has-text-align-center is-style-default\" style=\"border-style:none;border-width:0px\">Prowadzimy<\/h2>\n<\/div>\n\n\n\n<div style=\"height:var(--wp--preset--spacing--20)\" aria-hidden=\"true\" class=\"wp-block-spacer\"><\/div>\n\n\n\n<div class=\"wp-block-columns alignwide is-layout-flex wp-container-core-columns-is-layout-d1c656ed wp-block-columns-is-layout-flex\">\n<div class=\"wp-block-column is-vertically-aligned-center is-layout-flow wp-block-column-is-layout-flow\" style=\"flex-basis:40%\">\n<ul style=\"line-height:1.75\" class=\"wp-block-list is-style-checkmark-list\">\n<li>Ksi\u0119gi rachunkowe<\/li>\n\n\n\n<li>Podatkowe ksi\u0119gi przychod\u00f3w i rozchod\u00f3w<\/li>\n\n\n\n<li>Rycza\u0142t ewidencjonowany.<\/li>\n\n\n\n<li>Karty podatkowe<\/li>\n\n\n\n<li>Obs\u0142ug\u0119 p\u0142ac i ZUS<\/li>\n\n\n\n<li>Inne (przygotowujemy sprawozdania finansowe oraz dokumenty finansowe do bank\u00f3w, firm leasingowych, itp., sporz\u0105dzanie sprawozdawczo\u015bci statystycznej dla GUS)<\/li>\n<\/ul>\n<\/div>\n\n\n\n<div class=\"wp-block-column is-layout-flow wp-block-column-is-layout-flow\" style=\"flex-basis:50%\">\n<figure class=\"wp-block-image size-full is-style-rounded is-style-rounded--1\"><img loading=\"lazy\" decoding=\"async\" width=\"640\" height=\"427\" src=\"https:\/\/doradca-sc.pl\/wp-content\/uploads\/2025\/02\/2-1.jpg\" alt=\"\" class=\"wp-image-24\" srcset=\"https:\/\/doradca-sc.pl\/wp-content\/uploads\/2025\/02\/2-1.jpg 640w, https:\/\/doradca-sc.pl\/wp-content\/uploads\/2025\/02\/2-1-300x200.jpg 300w\" sizes=\"auto, (max-width: 640px) 100vw, 640px\" \/><\/figure>\n<\/div>\n<\/div>\n<\/div>\n<\/div>\n\n\n\n<p><\/p>\n","protected":false},"excerpt":{"rendered":"<p>Prowadzimy<\/p>\n","protected":false},"author":1,"featured_media":0,"parent":0,"menu_order":0,"comment_status":"closed","ping_status":"closed","template":"","meta":{"footnotes":""},"class_list":["post-22","page","type-page","status-publish","hentry"],"_links":{"self":[{"href":"https:\/\/doradca-sc.pl\/index.php?rest_route=\/wp\/v2\/pages\/22","targetHints":{"allow":["GET"]}}],"collection":[{"href":"https:\/\/doradca-sc.pl\/index.php?rest_route=\/wp\/v2\/pages"}],"about":[{"href":"https:\/\/doradca-sc.pl\/index.php?rest_route=\/wp\/v2\/types\/page"}],"author":[{"embeddable":true,"href":"https:\/\/doradca-sc.pl\/index.php?rest_route=\/wp\/v2\/users\/1"}],"replies":[{"embeddable":true,"href":"https:\/\/doradca-sc.pl\/index.php?rest_route=%2Fwp%2Fv2%2Fcomments&post=22"}],"version-history":[{"count":4,"href":"https:\/\/doradca-sc.pl\/index.php?rest_route=\/wp\/v2\/pages\/22\/revisions"}],"predecessor-version":[{"id":35,"href":"https:\/\/doradca-sc.pl\/index.php?rest_route=\/wp\/v2\/pages\/22\/revisions\/35"}],"wp:attachment":[{"href":"https:\/\/doradca-sc.pl\/index.php?rest_route=%2Fwp%2Fv2%2Fmedia&parent=22"}],"curies":[{"name":"wp","href":"https:\/\/api.w.org\/{rel}","templated":true}]}}