{"id":2,"date":"2025-02-01T20:48:25","date_gmt":"2025-02-01T19:48:25","guid":{"rendered":"https:\/\/doradca-sc.pl\/?page_id=2"},"modified":"2025-02-16T19:35:20","modified_gmt":"2025-02-16T18:35:20","slug":"przykladowa-strona","status":"publish","type":"page","link":"https:\/\/doradca-sc.pl\/?page_id=2","title":{"rendered":"O nas"},"content":{"rendered":"\n<p class=\"has-text-align-center has-x-large-font-size\" style=\"margin-top:0;margin-right:0;margin-bottom:0;margin-left:0;padding-top:0;padding-right:0;padding-bottom:0;padding-left:0\"><strong><em>Biuro Podatkowo-Prawne DORADCA s.c.<\/em><\/strong><\/p>\n\n\n\n<p class=\"has-medium-font-size\">G\u0142\u00f3wn\u0105 dzia\u0142alno\u015bci\u0105 naszego biura s\u0105 kompleksowe us\u0142ugi ksi\u0119gowe. <\/p>\n\n\n\n<p class=\"has-medium-font-size\">Na rynku dzia\u0142amy od 1995 r. Od tego czasu stale poszerzamy zakres \u015bwiadczonych us\u0142ug ksi\u0119gowych, pog\u0142\u0119biamy wiedz\u0119 tak aby \u015bwiadczy\u0107 us\u0142ugi na jak najwy\u017cszym poziomie. <\/p>\n\n\n\n<p class=\"has-medium-font-size\">Dzi\u0119ki wieloletniemu do\u015bwiadczeniu swoje zadania realizujemy zgodnie <br>z obowi\u0105zuj\u0105cymi przepisami i wymaganiami formalno-merytorycznymi, dostosowuj\u0105c r\u00f3wnie\u017c us\u0142ugi do indywidualnych potrzeb Klienta.<\/p>\n\n\n\n<p><\/p>\n","protected":false},"excerpt":{"rendered":"<p>Biuro Podatkowo-Prawne DORADCA s.c. G\u0142\u00f3wn\u0105 dzia\u0142alno\u015bci\u0105 naszego biura s\u0105 kompleksowe us\u0142ugi ksi\u0119gowe. Na rynku dzia\u0142amy od 1995 r. Od tego czasu stale poszerzamy zakres \u015bwiadczonych us\u0142ug ksi\u0119gowych, pog\u0142\u0119biamy wiedz\u0119 tak aby \u015bwiadczy\u0107 us\u0142ugi na jak najwy\u017cszym poziomie. Dzi\u0119ki wieloletniemu do\u015bwiadczeniu swoje zadania realizujemy zgodnie z obowi\u0105zuj\u0105cymi przepisami i wymaganiami formalno-merytorycznymi, dostosowuj\u0105c r\u00f3wnie\u017c us\u0142ugi do indywidualnych [&hellip;]<\/p>\n","protected":false},"author":1,"featured_media":0,"parent":0,"menu_order":0,"comment_status":"closed","ping_status":"open","template":"","meta":{"footnotes":""},"class_list":["post-2","page","type-page","status-publish","hentry"],"_links":{"self":[{"href":"https:\/\/doradca-sc.pl\/index.php?rest_route=\/wp\/v2\/pages\/2","targetHints":{"allow":["GET"]}}],"collection":[{"href":"https:\/\/doradca-sc.pl\/index.php?rest_route=\/wp\/v2\/pages"}],"about":[{"href":"https:\/\/doradca-sc.pl\/index.php?rest_route=\/wp\/v2\/types\/page"}],"author":[{"embeddable":true,"href":"https:\/\/doradca-sc.pl\/index.php?rest_route=\/wp\/v2\/users\/1"}],"replies":[{"embeddable":true,"href":"https:\/\/doradca-sc.pl\/index.php?rest_route=%2Fwp%2Fv2%2Fcomments&post=2"}],"version-history":[{"count":5,"href":"https:\/\/doradca-sc.pl\/index.php?rest_route=\/wp\/v2\/pages\/2\/revisions"}],"predecessor-version":[{"id":59,"href":"https:\/\/doradca-sc.pl\/index.php?rest_route=\/wp\/v2\/pages\/2\/revisions\/59"}],"wp:attachment":[{"href":"https:\/\/doradca-sc.pl\/index.php?rest_route=%2Fwp%2Fv2%2Fmedia&parent=2"}],"curies":[{"name":"wp","href":"https:\/\/api.w.org\/{rel}","templated":true}]}}